{"id":13,"date":"2025-07-24T22:24:19","date_gmt":"2025-07-25T01:24:19","guid":{"rendered":"https:\/\/maisqueadoradores.com.br\/banda\/?page_id=13"},"modified":"2025-07-24T22:24:19","modified_gmt":"2025-07-25T01:24:19","slug":"discografia","status":"publish","type":"page","link":"https:\/\/maisqueadoradores.com.br\/banda\/discografia\/","title":{"rendered":"Discografia"},"content":{"rendered":"\n<p><\/p>\n\n\n\n<h4 class=\"wp-block-heading\">Album: Venha teu reino<\/h4>\n\n\n\n<figure class=\"wp-block-embed is-type-rich is-provider-spotify wp-block-embed-spotify wp-embed-aspect-21-9 wp-has-aspect-ratio\"><div class=\"wp-block-embed__wrapper\">\n<iframe title=\"Spotify Embed: Venha Teu Reino\" style=\"border-radius: 12px\" width=\"100%\" height=\"352\" frameborder=\"0\" allowfullscreen allow=\"autoplay; clipboard-write; encrypted-media; fullscreen; picture-in-picture\" loading=\"lazy\" src=\"https:\/\/open.spotify.com\/embed\/album\/6yq5VSjh3tFJW2QgTuuiUa?si=hI4rVoWCTrKnAz2nyITsXQ&#038;utm_source=oembed\"><\/iframe>\n<\/div><\/figure>\n\n\n\n<p><strong>M\u00fasicas:<\/strong><\/p>\n\n\n\n<ul class=\"wp-block-list\">\n<li>Seu Grande Amor<\/li>\n\n\n\n<li>Aba Pai<\/li>\n\n\n\n<li>Vem Sobre N\u00f3s<\/li>\n\n\n\n<li>Mova-me<\/li>\n\n\n\n<li>\u00daltimos Dias<\/li>\n\n\n\n<li>Posso Ver Jesus<\/li>\n\n\n\n<li>Minha Fortaleza<\/li>\n\n\n\n<li>Venha teu reino<\/li>\n\n\n\n<li>\u00daltimos Dias (Extendida)<\/li>\n<\/ul>\n\n\n\n<p><\/p>\n\n\n\n<h4 class=\"wp-block-heading\">\u00c1lbum: Quem somos n\u00f3s? (Salmos de 1 a 10)<\/h4>\n\n\n\n<figure class=\"wp-block-embed is-type-rich is-provider-spotify wp-block-embed-spotify wp-embed-aspect-21-9 wp-has-aspect-ratio\"><div class=\"wp-block-embed__wrapper\">\n<iframe title=\"Spotify Embed: Quem somos n\u00f3s? - Salmos\" style=\"border-radius: 12px\" width=\"100%\" height=\"352\" frameborder=\"0\" allowfullscreen allow=\"autoplay; clipboard-write; encrypted-media; fullscreen; picture-in-picture\" loading=\"lazy\" src=\"https:\/\/open.spotify.com\/embed\/album\/7eArWYplo0PU2dP1M0zO6a?si=rKFYrvTKSFOpBV6wZ-HlBQ&#038;utm_source=oembed\"><\/iframe>\n<\/div><\/figure>\n\n\n\n<p><strong>M\u00fasicas:<\/strong><\/p>\n\n\n\n<ul class=\"wp-block-list\">\n<li>Deus \u00e9 a nossa for\u00e7a (Salmos 1)<\/li>\n\n\n\n<li>Teu reino vem (Salmos 2)<\/li>\n\n\n\n<li>Gl\u00f3ria ao Rei! (Salmos 3)<\/li>\n\n\n\n<li>Em paz celebramos (Salmos 4)<\/li>\n\n\n\n<li>Sua justi\u00e7a (Salmos 5)<\/li>\n\n\n\n<li>Vem me socorrer (Salmos 6)<\/li>\n\n\n\n<li>Desperta hoje por mim (Salmos 7)<\/li>\n\n\n\n<li>Quem somos n\u00f3s (Salmos 8)<\/li>\n\n\n\n<li>De todo o meu cora\u00e7\u00e3o (Salmos 9)<\/li>\n\n\n\n<li>Nosso Deus (Salmos 10)<\/li>\n\n\n\n<li>Nosso Deus &#8211; Reimaginada (Salmos 10)<\/li>\n<\/ul>\n\n\n\n<p><\/p>\n","protected":false},"excerpt":{"rendered":"<p>Album: Venha teu reino M\u00fasicas: \u00c1lbum: Quem somos n\u00f3s? (Salmos de 1 a 10) M\u00fasicas:<\/p>\n","protected":false},"author":1,"featured_media":0,"parent":0,"menu_order":0,"comment_status":"closed","ping_status":"closed","template":"","meta":{"footnotes":""},"class_list":["post-13","page","type-page","status-publish","hentry"],"_links":{"self":[{"href":"https:\/\/maisqueadoradores.com.br\/banda\/wp-json\/wp\/v2\/pages\/13","targetHints":{"allow":["GET"]}}],"collection":[{"href":"https:\/\/maisqueadoradores.com.br\/banda\/wp-json\/wp\/v2\/pages"}],"about":[{"href":"https:\/\/maisqueadoradores.com.br\/banda\/wp-json\/wp\/v2\/types\/page"}],"author":[{"embeddable":true,"href":"https:\/\/maisqueadoradores.com.br\/banda\/wp-json\/wp\/v2\/users\/1"}],"replies":[{"embeddable":true,"href":"https:\/\/maisqueadoradores.com.br\/banda\/wp-json\/wp\/v2\/comments?post=13"}],"version-history":[{"count":1,"href":"https:\/\/maisqueadoradores.com.br\/banda\/wp-json\/wp\/v2\/pages\/13\/revisions"}],"predecessor-version":[{"id":14,"href":"https:\/\/maisqueadoradores.com.br\/banda\/wp-json\/wp\/v2\/pages\/13\/revisions\/14"}],"wp:attachment":[{"href":"https:\/\/maisqueadoradores.com.br\/banda\/wp-json\/wp\/v2\/media?parent=13"}],"curies":[{"name":"wp","href":"https:\/\/api.w.org\/{rel}","templated":true}]}}