{"id":11,"date":"2025-07-24T22:20:27","date_gmt":"2025-07-25T01:20:27","guid":{"rendered":"https:\/\/maisqueadoradores.com.br\/banda\/?page_id=11"},"modified":"2025-07-24T22:20:27","modified_gmt":"2025-07-25T01:20:27","slug":"sobre-a-banda","status":"publish","type":"page","link":"https:\/\/maisqueadoradores.com.br\/banda\/sobre-a-banda\/","title":{"rendered":"Sobre a banda"},"content":{"rendered":"\n<p>O projeto Mais Que Adoradores nasceu em 2017 como um evento dentro da comunidade do Parais\u00f3polis em S\u00e3o Paulo, em parceria com a Igreja Ref\u00fagio 91, tendo como formato uma noite por m\u00eas de adora\u00e7\u00e3o aos s\u00e1bados, com duas horas de dura\u00e7\u00e3o, divido em 4 sess\u00f5es de m\u00fasica, tendo nos intervalos 3 sess\u00f5es de ora\u00e7\u00e3o.<\/p>\n\n\n\n<p>No projeto tivemos a primeria forma\u00e7\u00e3o da banda, liderada por Melkih Oliveira, que comp\u00f4s e produziu os albums atuais. Durante este per\u00eddo tamb\u00e9m nasceu o Blog do Mais Que Adoradores (<a href=\"https:\/\/maisqueadoradores.com\">https:\/\/maisqueadoradores.com<\/a>), onde foram compartilhadas experi\u00eancias relacionadas a m\u00fasica e a igreja.<\/p>\n","protected":false},"excerpt":{"rendered":"<p>O projeto Mais Que Adoradores nasceu em 2017 como um evento dentro da comunidade do [&hellip;]<\/p>\n","protected":false},"author":1,"featured_media":0,"parent":0,"menu_order":0,"comment_status":"closed","ping_status":"closed","template":"","meta":{"footnotes":""},"class_list":["post-11","page","type-page","status-publish","hentry"],"_links":{"self":[{"href":"https:\/\/maisqueadoradores.com.br\/banda\/wp-json\/wp\/v2\/pages\/11","targetHints":{"allow":["GET"]}}],"collection":[{"href":"https:\/\/maisqueadoradores.com.br\/banda\/wp-json\/wp\/v2\/pages"}],"about":[{"href":"https:\/\/maisqueadoradores.com.br\/banda\/wp-json\/wp\/v2\/types\/page"}],"author":[{"embeddable":true,"href":"https:\/\/maisqueadoradores.com.br\/banda\/wp-json\/wp\/v2\/users\/1"}],"replies":[{"embeddable":true,"href":"https:\/\/maisqueadoradores.com.br\/banda\/wp-json\/wp\/v2\/comments?post=11"}],"version-history":[{"count":1,"href":"https:\/\/maisqueadoradores.com.br\/banda\/wp-json\/wp\/v2\/pages\/11\/revisions"}],"predecessor-version":[{"id":12,"href":"https:\/\/maisqueadoradores.com.br\/banda\/wp-json\/wp\/v2\/pages\/11\/revisions\/12"}],"wp:attachment":[{"href":"https:\/\/maisqueadoradores.com.br\/banda\/wp-json\/wp\/v2\/media?parent=11"}],"curies":[{"name":"wp","href":"https:\/\/api.w.org\/{rel}","templated":true}]}}